{"id":444,"date":"2024-10-28T17:13:11","date_gmt":"2024-10-28T16:13:11","guid":{"rendered":"https:\/\/contratalla.art\/?page_id=444"},"modified":"2024-10-28T17:39:15","modified_gmt":"2024-10-28T16:39:15","slug":"nuestros-artistas","status":"publish","type":"page","link":"https:\/\/contratalla.art\/index.php\/nuestros-artistas\/","title":{"rendered":"Nuestros artistas"},"content":{"rendered":"\n<p>Aqu\u00ed encontrar\u00e1s informaci\u00f3n sobre todos nuestros artistas:<\/p>\n\n\n\n<p>AGUIRRE, IGNASI<\/p>\n\n\n\n<p>AGUST\u00cd, EUGENIA<\/p>\n\n\n\n<p>ALT\u00c9S, ERNEST<\/p>\n\n\n\n<p>ANT\u00daNEZ<\/p>\n\n\n\n<p>APARICIO, GERM\u00c1N<\/p>\n\n\n\n<p>ARAUJO, IV\u00c1N<\/p>\n\n\n\n<p>ARENAZA, MAITE<\/p>\n\n\n\n<p>ARRANZ BRAVO<\/p>\n\n\n\n<p>ARRIBAS, VENANCIO<\/p>\n\n\n\n<p>ARTEAGOITIA, DAVID<\/p>\n\n\n\n<p>ARTIGAU, FRANCESC<\/p>\n\n\n\n<p>\u00c1VILA, CONCHA<\/p>\n\n\n\n<p>BARBAR\u00c0<\/p>\n\n\n\n<p>BAROJA COLLET, J. L.<\/p>\n\n\n\n<p>BARTOLOZZI<\/p>\n\n\n\n<p>BEARD, L.<\/p>\n\n\n\n<p>BEN-ARAB<\/p>\n\n\n\n<p>BL\u00c1ZQUEZ<\/p>\n\n\n\n<p>BOFARULL, A.<\/p>\n\n\n\n<p>BUSQU\u00c9, P.<\/p>\n\n\n\n<p>BUSTILLO, C.<\/p>\n\n\n\n<p>CABAN\u00c9<\/p>\n\n\n\n<p>CALVET, ALVAR<\/p>\n\n\n\n<p>CARBAJALES, YOLADA<\/p>\n\n\n\n<p>CASAS HIERRO, MARI\u00c0<\/p>\n\n\n\n<p>CASTELLV\u00cd, C.<\/p>\n\n\n\n<p>CASTILLO, C.<\/p>\n\n\n\n<p>CATAL\u00c0, RAFAEL<\/p>\n\n\n\n<p>CHANCHO<\/p>\n\n\n\n<p>CLIMENT, V.<\/p>\n\n\n\n<p>CORT\u00c9S, EVA<\/p>\n\n\n\n<p>COYTO, J.<\/p>\n\n\n\n<p>CRUSPINERA<\/p>\n\n\n\n<p>CUERVO, A.<\/p>\n\n\n\n<p>DESTEMPLE, FERR\u00c1N<\/p>\n\n\n\n<p>D\u00cdAZ RINALDI, ALICIA<\/p>\n\n\n\n<p>ESPA\u00d1OL, P.<\/p>\n\n\n\n<p>FALC\u00d3<\/p>\n\n\n\n<p>FERN\u00c1NDEZ, R.<\/p>\n\n\n\n<p>FERR\u00c1N, R.<\/p>\n\n\n\n<p>FILELLA<\/p>\n\n\n\n<p>FONOLLOSA, CRISTINAN<\/p>\n\n\n\n<p>FORNELLS PLA<\/p>\n\n\n\n<p>GALANDA, MIGUEL<\/p>\n\n\n\n<p>GANCEDO, T.<\/p>\n\n\n\n<p>GARC\u00cdA-MURO<\/p>\n\n\n\n<p>GELO<\/p>\n\n\n\n<p>GIRONA, MARIA<\/p>\n\n\n\n<p>GONZALO, ALBERT<\/p>\n\n\n\n<p>GOTLEYB, LEONARDO<\/p>\n\n\n\n<p>GRAU, ALICIA<\/p>\n\n\n\n<p>GUINOVART<\/p>\n\n\n\n<p>HELGUERA, MARIA<\/p>\n\n\n\n<p>HERRERO, JAVIER<\/p>\n\n\n\n<p>IB\u00c1\u00d1EZ, CONCHA<\/p>\n\n\n\n<p>JOANPERE, S.<\/p>\n\n\n\n<p>KOCCI, R.<\/p>\n\n\n\n<p>KOUJI OCHIAI<\/p>\n\n\n\n<p>LENTSCH, A.<\/p>\n\n\n\n<p>MAHI BINEBINE<\/p>\n\n\n\n<p>MARAVILLA<\/p>\n\n\n\n<p>MAR\u00c9CHAL, FRANCOIS<\/p>\n\n\n\n<p>MAR\u00cdN, G.<\/p>\n\n\n\n<p>MART\u00cdNEZ, R.<\/p>\n\n\n\n<p>MARZO-MART<\/p>\n\n\n\n<p>MAS, E.<\/p>\n\n\n\n<p>MONIR<\/p>\n\n\n\n<p>MORA, A.<\/p>\n\n\n\n<p>MURILLO, MAGDA<\/p>\n\n\n\n<p>OLIVAR, TOM\u00c1S<\/p>\n\n\n\n<p>ORTIZ, D.<\/p>\n\n\n\n<p>PALLAR\u00c9S, C\u00c1LIZ<\/p>\n\n\n\n<p>PARIENTE, T.<\/p>\n\n\n\n<p>PASCUAL, L.<\/p>\n\n\n\n<p>PAST\u00d3, C.<\/p>\n\n\n\n<p>PAU, C.<\/p>\n\n\n\n<p>PERDICES, PILAR<\/p>\n\n\n\n<p>POL, F.<\/p>\n\n\n\n<p>PUIG, AGUST\u00cd<\/p>\n\n\n\n<p>R\u00c0FOLS CASAMADA<\/p>\n\n\n\n<p>RAVENT\u00d3S, M. A.<\/p>\n\n\n\n<p>RIERA I ARAG\u00d3<\/p>\n\n\n\n<p>RIO, JOSEP DEL<\/p>\n\n\n\n<p>RIOS, M. A.<\/p>\n\n\n\n<p>ROCABRUNA<\/p>\n\n\n\n<p>ROCAMORA<\/p>\n\n\n\n<p>RODR\u00cdGUEZ GUY<\/p>\n\n\n\n<p>ROMERO, AAR\u00d3N<\/p>\n\n\n\n<p>ROSSELL\u00d3, J. M.<\/p>\n\n\n\n<p>ROYO, JOSEP<\/p>\n\n\n\n<p>RUBIO, MARIANO<\/p>\n\n\n\n<p>SESTERHEIN, MARCOS<\/p>\n\n\n\n<p>SEVILLA, C.<\/p>\n\n\n\n<p>SHRAM, R.<\/p>\n\n\n\n<p>SOL\u00c9, JORDI<\/p>\n\n\n\n<p>SUBIRACHS<\/p>\n\n\n\n<p>TOD\u00d3<\/p>\n\n\n\n<p>VELA, A.<\/p>\n\n\n\n<p>VICENTE, BEATRIZ<\/p>\n\n\n\n<p>VILA, A.<\/p>\n\n\n\n<p>VIVES, ROSA<\/p>\n\n\n\n<p>WINKHAUS, ALEJANDRA<\/p>\n\n\n\n<p>YAG\u00dcES, PEPE<\/p>\n\n\n\n<p>YUNTA, E.<\/p>\n\n\n\n<p>ZAERA, MAMEN<\/p>\n\n\n\n<p>Si quieres m\u00e1s informaci\u00f3n sobre las obras disponibles de nuestros artistas, cont\u00e1ctanos.<\/p>\n","protected":false},"excerpt":{"rendered":"<p>Aqu\u00ed encontrar\u00e1s informaci\u00f3n sobre todos nuestros artistas: AGUIRRE, IGNASI AGUST\u00cd, EUGENIA ALT\u00c9S, ERNEST ANT\u00daNEZ APARICIO, GERM\u00c1N ARAUJO, IV\u00c1N ARENAZA, MAITE ARRANZ BRAVO ARRIBAS, VENANCIO ARTEAGOITIA, DAVID ARTIGAU, FRANCESC \u00c1VILA, CONCHA [&hellip;]<\/p>\n","protected":false},"author":1,"featured_media":0,"parent":0,"menu_order":0,"comment_status":"closed","ping_status":"closed","template":"","meta":{"jetpack_post_was_ever_published":false,"footnotes":""},"class_list":["post-444","page","type-page","status-publish","hentry"],"aioseo_notices":[],"jetpack-related-posts":[],"jetpack_shortlink":"https:\/\/wp.me\/Pf96kx-7a","jetpack_sharing_enabled":true,"_links":{"self":[{"href":"https:\/\/contratalla.art\/index.php\/wp-json\/wp\/v2\/pages\/444","targetHints":{"allow":["GET"]}}],"collection":[{"href":"https:\/\/contratalla.art\/index.php\/wp-json\/wp\/v2\/pages"}],"about":[{"href":"https:\/\/contratalla.art\/index.php\/wp-json\/wp\/v2\/types\/page"}],"author":[{"embeddable":true,"href":"https:\/\/contratalla.art\/index.php\/wp-json\/wp\/v2\/users\/1"}],"replies":[{"embeddable":true,"href":"https:\/\/contratalla.art\/index.php\/wp-json\/wp\/v2\/comments?post=444"}],"version-history":[{"count":5,"href":"https:\/\/contratalla.art\/index.php\/wp-json\/wp\/v2\/pages\/444\/revisions"}],"predecessor-version":[{"id":450,"href":"https:\/\/contratalla.art\/index.php\/wp-json\/wp\/v2\/pages\/444\/revisions\/450"}],"wp:attachment":[{"href":"https:\/\/contratalla.art\/index.php\/wp-json\/wp\/v2\/media?parent=444"}],"curies":[{"name":"wp","href":"https:\/\/api.w.org\/{rel}","templated":true}]}}