{"id":17,"date":"2019-11-01T13:07:59","date_gmt":"2019-11-01T11:07:59","guid":{"rendered":"https:\/\/contratalla.wordpress.com\/?page_id=2"},"modified":"2026-02-24T17:15:05","modified_gmt":"2026-02-24T16:15:05","slug":"home","status":"publish","type":"page","link":"https:\/\/contratalla.art\/","title":{"rendered":"Qui\u00e9nes somos"},"content":{"rendered":"\n<h2 class=\"wp-block-heading has-text-align-center\">Sobre nosotros<\/h2>\n\n\n\n<div class=\"wp-block-media-text alignwide is-stacked-on-mobile\" style=\"grid-template-columns:43% auto\"><figure class=\"wp-block-media-text__media\"><img data-recalc-dims=\"1\" loading=\"lazy\" decoding=\"async\" width=\"710\" height=\"710\" src=\"https:\/\/i0.wp.com\/contratalla.art\/wp-content\/uploads\/2019\/11\/11811290_484342101727360_8233143255619104279_n.jpg?resize=710%2C710\" alt=\"Fachada de la galer\u00eda de la calle Santa Anna, 16 (Tarragona). Fundada en Tarragona en octubre de 1981.\" class=\"wp-image-22 size-full\" srcset=\"https:\/\/i0.wp.com\/contratalla.art\/wp-content\/uploads\/2019\/11\/11811290_484342101727360_8233143255619104279_n.jpg?w=710&amp;ssl=1 710w, https:\/\/i0.wp.com\/contratalla.art\/wp-content\/uploads\/2019\/11\/11811290_484342101727360_8233143255619104279_n.jpg?resize=300%2C300&amp;ssl=1 300w, https:\/\/i0.wp.com\/contratalla.art\/wp-content\/uploads\/2019\/11\/11811290_484342101727360_8233143255619104279_n.jpg?resize=150%2C150&amp;ssl=1 150w, https:\/\/i0.wp.com\/contratalla.art\/wp-content\/uploads\/2019\/11\/11811290_484342101727360_8233143255619104279_n.jpg?resize=600%2C600&amp;ssl=1 600w, https:\/\/i0.wp.com\/contratalla.art\/wp-content\/uploads\/2019\/11\/11811290_484342101727360_8233143255619104279_n.jpg?resize=100%2C100&amp;ssl=1 100w\" sizes=\"auto, (max-width: 710px) 100vw, 710px\" \/><\/figure><div class=\"wp-block-media-text__content\">\n<p class=\"has-small-font-size\">Fundada en Tarragona en octubre de 1981. Contratlla es un espacio de arte especializado en la venta y edici\u00f3n de obra gr\u00e1fica original.<\/p>\n<\/div><\/div>\n\n\n\n<div class=\"wp-block-media-text alignwide has-media-on-the-right is-stacked-on-mobile\" style=\"grid-template-columns:auto 44%\"><div class=\"wp-block-media-text__content\">\n<p class=\"has-small-font-size\">Nos encontrar\u00e1n en Tarragona, calle Santa Anna, 16 , de martes a viernes de 17:00 a 20:00; y en Barcelona,  calle Val\u00e8ncia, 275 (frente a Casa Elizalde) de lunes a viernes, de 16:00 a 20:00.<\/p>\n<\/div><figure class=\"wp-block-media-text__media\"><img data-recalc-dims=\"1\" loading=\"lazy\" decoding=\"async\" width=\"790\" height=\"976\" src=\"https:\/\/i0.wp.com\/contratalla.art\/wp-content\/uploads\/2026\/02\/IMG_20260211_151951.jpg?resize=790%2C976&#038;ssl=1\" alt=\"Fachada de la galer\u00eda de la calle Val\u00e8ncia, 362 (Barcelona).\" class=\"wp-image-1092 size-full\" srcset=\"https:\/\/i0.wp.com\/contratalla.art\/wp-content\/uploads\/2026\/02\/IMG_20260211_151951.jpg?w=1455&amp;ssl=1 1455w, https:\/\/i0.wp.com\/contratalla.art\/wp-content\/uploads\/2026\/02\/IMG_20260211_151951.jpg?resize=243%2C300&amp;ssl=1 243w, https:\/\/i0.wp.com\/contratalla.art\/wp-content\/uploads\/2026\/02\/IMG_20260211_151951.jpg?resize=829%2C1024&amp;ssl=1 829w, https:\/\/i0.wp.com\/contratalla.art\/wp-content\/uploads\/2026\/02\/IMG_20260211_151951.jpg?resize=768%2C949&amp;ssl=1 768w, https:\/\/i0.wp.com\/contratalla.art\/wp-content\/uploads\/2026\/02\/IMG_20260211_151951.jpg?resize=1244%2C1536&amp;ssl=1 1244w, https:\/\/i0.wp.com\/contratalla.art\/wp-content\/uploads\/2026\/02\/IMG_20260211_151951.jpg?resize=100%2C124&amp;ssl=1 100w\" sizes=\"auto, (max-width: 790px) 100vw, 790px\" \/><\/figure><\/div>\n\n\n\n<hr class=\"wp-block-separator has-css-opacity\"\/>\n\n\n\n<p class=\"has-small-font-size\">\u00a9 Contratalla Art 2026 &#8211; Todos los derechos reservados<\/p>\n","protected":false},"excerpt":{"rendered":"<p>Sobre nosotros Fundada en Tarragona en octubre de 1981. Contratlla es un espacio de arte especializado en la venta y edici\u00f3n de obra gr\u00e1fica original. Nos encontrar\u00e1n en Tarragona, calle [&hellip;]<\/p>\n","protected":false},"author":1,"featured_media":0,"parent":0,"menu_order":1,"comment_status":"closed","ping_status":"closed","template":"","meta":{"footnotes":""},"class_list":["post-17","page","type-page","status-publish","hentry"],"aioseo_notices":[],"jetpack-related-posts":[],"jetpack_shortlink":"https:\/\/wp.me\/Pf96kx-h","jetpack_sharing_enabled":false,"_links":{"self":[{"href":"https:\/\/contratalla.art\/index.php\/wp-json\/wp\/v2\/pages\/17","targetHints":{"allow":["GET"]}}],"collection":[{"href":"https:\/\/contratalla.art\/index.php\/wp-json\/wp\/v2\/pages"}],"about":[{"href":"https:\/\/contratalla.art\/index.php\/wp-json\/wp\/v2\/types\/page"}],"author":[{"embeddable":true,"href":"https:\/\/contratalla.art\/index.php\/wp-json\/wp\/v2\/users\/1"}],"replies":[{"embeddable":true,"href":"https:\/\/contratalla.art\/index.php\/wp-json\/wp\/v2\/comments?post=17"}],"version-history":[{"count":4,"href":"https:\/\/contratalla.art\/index.php\/wp-json\/wp\/v2\/pages\/17\/revisions"}],"predecessor-version":[{"id":1093,"href":"https:\/\/contratalla.art\/index.php\/wp-json\/wp\/v2\/pages\/17\/revisions\/1093"}],"wp:attachment":[{"href":"https:\/\/contratalla.art\/index.php\/wp-json\/wp\/v2\/media?parent=17"}],"curies":[{"name":"wp","href":"https:\/\/api.w.org\/{rel}","templated":true}]}}