{"id":10,"date":"2023-11-06T17:50:47","date_gmt":"2023-11-06T16:50:47","guid":{"rendered":"http:\/\/contratalla.art\/?page_id=10"},"modified":"2023-11-06T17:50:51","modified_gmt":"2023-11-06T16:50:51","slug":"politica-de-reembolsos","status":"publish","type":"page","link":"https:\/\/contratalla.art\/index.php\/politica-de-reembolsos\/","title":{"rendered":"Pol\u00edtica de reembolsos y devoluciones"},"content":{"rendered":"\n<h2 class=\"wp-block-heading has-larger-font-size\" style=\"text-transform:uppercase\">Pol\u00edtica de reembolsos<\/h2>\n\n\n\n<p>Nuestra pol\u00edtica de reembolsos y devoluciones tiene una duraci\u00f3n de 30 d\u00edas. Si han pasado 30 d\u00edas desde su compra, no podemos ofrecerle un reembolso o cambio completo.<\/p>\n\n\n\n<p>Para ser elegible para una devoluci\u00f3n, su art\u00edculo debe estar en las mismas condiciones en que lo recibi\u00f3 y en el embalaje original.<\/p>\n\n\n\n<p><\/p>\n\n\n\n<p>Hay determinadas situaciones en las que no se conceder\u00e1n reembolsos:<\/p>\n\n\n\n<p>Cualquier art\u00edculo que no est\u00e9 en su estado original, est\u00e9 da\u00f1ado o le falten piezas por motivos ajenos a nuestro error.<\/p>\n\n\n\n<p>Cualquier art\u00edculo que se devuelva m\u00e1s de 30 d\u00edas despu\u00e9s de la entrega.<\/p>\n\n\n\n<h3 class=\"wp-block-heading\">Reembolsos<\/h3>\n\n\n\n<p>Una vez recibida e inspeccionada su devoluci\u00f3n, le enviaremos un correo electr\u00f3nico para notificarle que hemos recibido su art\u00edculo devuelto. Tambi\u00e9n le notificaremos la aprobaci\u00f3n o rechazo de su reembolso.<\/p>\n\n\n\n<p>Si es aprobado, se procesar\u00e1 su reembolso y se aplicar\u00e1 autom\u00e1ticamente un cr\u00e9dito a su tarjeta de cr\u00e9dito o m\u00e9todo de pago original, dentro de una cierta cantidad de d\u00edas.<\/p>\n\n\n\n<h4 class=\"wp-block-heading\">Reembolsos tard\u00edos o faltantes<\/h4>\n\n\n\n<p>Si a\u00fan no ha recibido un reembolso, primero verifique nuevamente su cuenta bancaria.<\/p>\n\n\n\n<p>Luego, comun\u00edquese con la compa\u00f1\u00eda de su tarjeta de cr\u00e9dito; puede pasar alg\u00fan tiempo antes de que su reembolso se publique oficialmente.<\/p>\n\n\n\n<p>A continuaci\u00f3n contacte con su banco. A menudo hay alg\u00fan tiempo de procesamiento antes de que se publique un reembolso.<\/p>\n\n\n\n<p>Si ha hecho todo esto y a\u00fan no ha recibido su reembolso, cont\u00e1ctenos en <a href=\"mailto:contratallaart@gmail.com\" target=\"_blank\" rel=\"noopener\" title=\"\">contratallaart@gmail.com<\/a>.<\/p>\n\n\n\n<h3 class=\"wp-block-heading\">Art\u00edculos a la venta<\/h3>\n\n\n\n<p>S\u00f3lo se podr\u00e1n reembolsar los art\u00edculos con precio regular. Los art\u00edculos en oferta no se pueden reembolsar.<\/p>\n\n\n\n<h3 class=\"wp-block-heading\">Regalos<\/h3>\n\n\n\n<p>Si el art\u00edculo se marc\u00f3 como regalo cuando se compr\u00f3 y se le envi\u00f3 directamente, recibir\u00e1 un cr\u00e9dito de regalo por el valor de su devoluci\u00f3n. Una vez recibido el art\u00edculo devuelto, se le enviar\u00e1 por correo un certificado de regalo.<\/p>\n\n\n\n<h2 class=\"wp-block-heading\">Env\u00edo y devoluciones<\/h2>\n\n\n\n<p>Para devolver su producto, debe enviarlo por correo a: Calle Santa Anna, 16, 43003, Tarragona.<\/p>\n\n\n\n<p>Usted ser\u00e1 responsable de pagar los costos de env\u00edo para devolver el art\u00edculo. Los gastos de env\u00edo no son reembolsables. Si recibe un reembolso, el costo del env\u00edo de devoluci\u00f3n se deducir\u00e1 de su reembolso.<\/p>\n\n\n\n<p>Dependiendo de d\u00f3nde viva, el tiempo que puede tardar en llegar el producto puede variar.<\/p>\n\n\n\n<p>Si devuelve art\u00edculos m\u00e1s caros, puede considerar utilizar un servicio de env\u00edo rastreable o comprar un seguro de env\u00edo. No garantizamos que recibiremos su art\u00edculo devuelto.<\/p>\n\n\n\n<h3 class=\"wp-block-heading\">\u00bfNecesita ayuda?<\/h3>\n\n\n\n<p>Cont\u00e1ctenos a <a href=\"mailto:contratallaart@gmail.com\" target=\"_blank\" rel=\"noopener\" title=\"\">contratallaart@gmail.com<\/a> si tiene dudas acerca de reembolsos y devoluciones.<\/p>\n","protected":false},"excerpt":{"rendered":"<p>Pol\u00edtica de reembolsos Nuestra pol\u00edtica de reembolsos y devoluciones tiene una duraci\u00f3n de 30 d\u00edas. Si han pasado 30 d\u00edas desde su compra, no podemos ofrecerle un reembolso o cambio [&hellip;]<\/p>\n","protected":false},"author":1,"featured_media":0,"parent":0,"menu_order":0,"comment_status":"closed","ping_status":"closed","template":"","meta":{"footnotes":""},"class_list":["post-10","page","type-page","status-publish","hentry"],"aioseo_notices":[],"jetpack-related-posts":[],"jetpack_shortlink":"https:\/\/wp.me\/Pf96kx-a","jetpack_sharing_enabled":true,"_links":{"self":[{"href":"https:\/\/contratalla.art\/index.php\/wp-json\/wp\/v2\/pages\/10","targetHints":{"allow":["GET"]}}],"collection":[{"href":"https:\/\/contratalla.art\/index.php\/wp-json\/wp\/v2\/pages"}],"about":[{"href":"https:\/\/contratalla.art\/index.php\/wp-json\/wp\/v2\/types\/page"}],"author":[{"embeddable":true,"href":"https:\/\/contratalla.art\/index.php\/wp-json\/wp\/v2\/users\/1"}],"replies":[{"embeddable":true,"href":"https:\/\/contratalla.art\/index.php\/wp-json\/wp\/v2\/comments?post=10"}],"version-history":[{"count":1,"href":"https:\/\/contratalla.art\/index.php\/wp-json\/wp\/v2\/pages\/10\/revisions"}],"predecessor-version":[{"id":234,"href":"https:\/\/contratalla.art\/index.php\/wp-json\/wp\/v2\/pages\/10\/revisions\/234"}],"wp:attachment":[{"href":"https:\/\/contratalla.art\/index.php\/wp-json\/wp\/v2\/media?parent=10"}],"curies":[{"name":"wp","href":"https:\/\/api.w.org\/{rel}","templated":true}]}}